{"id":202,"date":"2020-01-15T13:58:29","date_gmt":"2020-01-15T12:58:29","guid":{"rendered":"http:\/\/odk.odolanow.pl\/bip\/?page_id=202"},"modified":"2026-01-20T10:11:32","modified_gmt":"2026-01-20T09:11:32","slug":"zamowienia-publiczne","status":"publish","type":"page","link":"http:\/\/odk.odolanow.pl\/bip\/zamowienia-publiczne\/","title":{"rendered":"Zam\u00f3wienia publiczne"},"content":{"rendered":"<p>20.01.2026<\/p>\n<p>Zapytania ofertowe w zakresie wynajmu terenu pod dzia\u0142alno\u015b\u0107 przedmiotow\u0105 w trakcie XXX Dni Odolanowa.<\/p>\n<p><a href=\"http:\/\/odk.odolanow.pl\/bip\/zamowienia-publiczne\/zapytanie-gastronomia-dni-odolanowa-2026\/\" rel=\"attachment wp-att-398\">Zapytanie Gastronomia Dni Odolanowa 2026<\/a><br \/>\n<a href=\"http:\/\/odk.odolanow.pl\/bip\/zamowienia-publiczne\/zalacznik-graficzny-gastronomia-4\/\" rel=\"attachment wp-att-397\">Za\u0142acznik graficzny &#8211; GASTRONOMIA<\/a><br \/>\n<a href=\"http:\/\/odk.odolanow.pl\/bip\/zamowienia-publiczne\/zapytanie-karuzele-dni-odolanowa-2026\/\" rel=\"attachment wp-att-400\">Zapytanie Karuzele Dni Odolanowa 2026<\/a><br \/>\n<a href=\"http:\/\/odk.odolanow.pl\/bip\/zamowienia-publiczne\/zalacznik-graficzny-karuzele-3\/\" rel=\"attachment wp-att-399\">Za\u0142acznik graficzny KARUZELE<\/a><br \/>\n<a href=\"http:\/\/odk.odolanow.pl\/bip\/zamowienia-publiczne\/zapytanie-ogrdek-piwny-dni-odoalnowa-2026\/\" rel=\"attachment wp-att-402\">Zapytanie Ogrdek Piwny Dni Odoalnowa 2026<\/a><br \/>\n<a href=\"http:\/\/odk.odolanow.pl\/bip\/zamowienia-publiczne\/zalacznik-graficzny-ogrodek-piwny-5\/\" rel=\"attachment wp-att-401\">Za\u0142\u0105cznik graficzny &#8211; OGR\u00d3DEK PIWNY<\/a><br \/>\n<a href=\"http:\/\/odk.odolanow.pl\/bip\/zamowienia-publiczne\/zapytanie-wesole-miasteczko-dmuchance-2026\/\" rel=\"attachment wp-att-404\">Zapytanie Weso\u0142e miasteczko dmucha\u0144ce 2026<\/a><br \/>\n<a href=\"http:\/\/odk.odolanow.pl\/bip\/zamowienia-publiczne\/zalacznik-graficzny-dmuchance-3\/\" rel=\"attachment wp-att-403\">Za\u0142\u0105cznik graficzny &#8211; DMUCHA\u0143CE<\/a><\/p>\n<p>21.02.2022r.<\/p>\n<p>Status post\u0119powania: wszcz\u0119ty<\/p>\n<p><strong>Og\u0142oszenie o zam\u00f3wieniu &#8211; dostawy &#8211;\u00a0<\/strong><br \/>\n<strong>&#8222;Zagospodarowanie terenu na cele turystyczno &#8211; rekreacyjne w Parku Natury w Odolanowie&#8221;<\/strong><\/p>\n<p>Post\u0119powanie dotycz\u0105ce zagospodarowania terenu na cele turystyczno-rekreacyjne w Parku Natury w Odolanowie wraz z wszystkimi nieb\u0119dnymi dokumentami znajuduje sie pod linkiem <a href=\"https:\/\/odk.logintrade.net\/zapytania_email,75164,59b670e9cce118754eb62e92ee907fa4.html\">SPECYFIKACJA WARUNK\u00d3W ZAM\u00d3WIENIA <\/a><\/p>\n<p>&nbsp;<\/p>\n<p>__________________________________________________________________________<\/p>\n<p>Status post\u0119powania: wszcz\u0119ty<\/p>\n<p><strong>Og\u0142oszenie dotyczace obs\u0142ugi sektor\u00f3w gastronomicznych oraz ogr\u00f3dka piwnego podczas XVIII Dni Odolanowa\u00a0<\/strong><\/p>\n<div class=\"przetargi_data\">Data wszcz\u0119cia postepowania &#8211; 10 luty 2022r.<\/div>\n<div class=\"przetargi_data\">Data ko\u0144ca sk\u0142adania ofert &#8211;\u00a0 18 luty 2022r. do godziny 14.00<\/div>\n<div class=\"przetargi_data\">Data otwarcia ofert &#8211; 18 luty 2022r &#8211; pi\u0105tek godzina 14.15<\/div>\n<div><a href=\"http:\/\/odk.odolanow.pl\/bip\/wp-content\/uploads\/2022\/02\/Zapytanie-Gastronomia-Dni-Odolanowa-2022-II.doc\">Zapytanie Gastronomia Dni Odolanowa 2022 format Word<\/a><\/div>\n<div><a href=\"http:\/\/odk.odolanow.pl\/bip\/wp-content\/uploads\/2022\/02\/Zapytanie-Gastronomia-Dni-Odolanowa-2022-II.pdf\">Zapytanie Gastronomia Dni Odolanowa 2022 format PDF<\/a><\/div>\n<div><a href=\"http:\/\/odk.odolanow.pl\/bip\/wp-content\/uploads\/2022\/02\/Zalacznik-graficzny-GASTRONOMIA.jpg\">Za\u0142\u0105cznik graficzny &#8211; Gastronomia<\/a><\/div>\n<div><a href=\"http:\/\/odk.odolanow.pl\/bip\/wp-content\/uploads\/2022\/02\/Zapytanie-Ogrodek-Piwny-Dni-Odoalnowa-2022.doc\">Zapytanie Ogr\u00f3dek Piwny Dni Odoalnowa 2022 format Word<\/a><\/div>\n<div><a href=\"http:\/\/odk.odolanow.pl\/bip\/wp-content\/uploads\/2022\/02\/Zapytanie-Ogrodek-Piwny-Dni-Odoalnowa-2022.pdf\">Zapytanie Ogr\u00f3dek Piwny Dni Odoalnowa 2022 format PDF<\/a><\/div>\n<div><\/div>\n<div><a href=\"http:\/\/odk.odolanow.pl\/bip\/wp-content\/uploads\/2022\/02\/Zalacznik-graficzny-OGRODEK-PIWNY.jpg\">Mapka graficzna &#8211; Ogr\u00f3dek Piwny<\/a><\/div>\n<div><\/div>\n<p>____________________________________________________________________<\/p>\n<p>Zapytania ofertowe XXVIII Dni Odolanowa termin imprezy 29-31 lipca 2022r.<\/p>\n<p>Status post\u0119powania: wszcz\u0119ty<\/p>\n<p><a href=\"http:\/\/odk.odolanow.pl\/bip\/wp-content\/uploads\/2022\/01\/Zapytanie-Gastronomia-Dni-Odolanowa-2022.doc\">Zapytanie Gastronomia Dni Odolanowa 2022 &#8211;\u00a0 Word<\/a><\/p>\n<p><a href=\"http:\/\/odk.odolanow.pl\/bip\/wp-content\/uploads\/2022\/01\/Zapytanie-Gastronomia-XVIII-Dni-Odolanowa-2022.pdf\">Zapytanie Gastronomia XVIII Dni Odolanowa 2022<\/a> &#8211; PDF<\/p>\n<p><a href=\"http:\/\/odk.odolanow.pl\/bip\/wp-content\/uploads\/2022\/01\/Zalacznik-graficzny-GASTRONOMIA.jpg\">Za\u0142\u0105cznik graficzny &#8211; Gastronomia 2022<\/a><\/p>\n<p><a href=\"http:\/\/odk.odolanow.pl\/bip\/wp-content\/uploads\/2022\/01\/Zapytanie-Karuzele-Dni-Odolanowa-2022.doc\">Zapytanie Karuzele Dni Odolanowa 2022<\/a> &#8211; Word<\/p>\n<p><a href=\"http:\/\/odk.odolanow.pl\/bip\/wp-content\/uploads\/2022\/01\/Zapytanie-Karuzele-Dni-Odolanowa-2022.pdf\">Zapytanie Karuzele Dni Odolanowa 2022<\/a> &#8211; PDF<\/p>\n<p><a href=\"http:\/\/odk.odolanow.pl\/bip\/wp-content\/uploads\/2022\/01\/Zalacznik-graficzny-KARUZELE.jpg\">Za\u0142\u0105cznik graficzny &#8211; Karuzele 2022<\/a><\/p>\n<p><a href=\"http:\/\/odk.odolanow.pl\/bip\/wp-content\/uploads\/2022\/01\/Zapytanie-Ogrodek-Piwny-Dni-Odoalnowa-2022-1.doc\">Zapytanie Ogr\u00f3dek Piwny Dni Odoalnowa 2022<\/a> &#8211; Word<\/p>\n<p><a href=\"http:\/\/odk.odolanow.pl\/bip\/wp-content\/uploads\/2022\/01\/Zapytanie-Ogrodek-Piwny-XVIII-Dni-Odoalnowa-2022-1.pdf\">Zapytanie Ogr\u00f3dek Piwny XVIII Dni Odoalnowa 2022<\/a> &#8211; PDF<\/p>\n<p><a href=\"http:\/\/odk.odolanow.pl\/bip\/wp-content\/uploads\/2022\/01\/Zalacznik-graficzny-OGRODEK-PIWNY-1.jpg\">Za\u0142\u0105cznik graficzny Ogr\u00f3dek Piwny 2022<\/a><\/p>\n<p><a href=\"http:\/\/odk.odolanow.pl\/bip\/wp-content\/uploads\/2022\/01\/Zapytanie-Wesole-miasteczko-dmuchance-2022-1.doc\">Zapytanie Weso\u0142e miasteczko dmucha\u0144ce 2022<\/a>\u00a0 &#8211; Word<\/p>\n<p><a href=\"http:\/\/odk.odolanow.pl\/bip\/wp-content\/uploads\/2022\/01\/Zapytanie-Wesole-miasteczko-dmuchance-XVIII-Dni-Odolanowa-2022.pdf\">Zapytanie Weso\u0142e miasteczko dmucha\u0144ce XVIII Dni Odolanowa 2022<\/a> &#8211; Pdf<\/p>\n<p><a href=\"http:\/\/odk.odolanow.pl\/bip\/wp-content\/uploads\/2022\/01\/Zalacznik-graficzny-DMUCHANCE.jpg\">Za\u0142\u0105cznik graficzny &#8211; Dmucha\u0144ce 2022<\/a><\/p>\n<p>______________________________________________________________________<\/p>\n<p>Status post\u0119powania: wszcz\u0119ty<\/p>\n<p><strong>Og\u0142oszenie o zam\u00f3wieniu Roboty budowlane<\/strong><br \/>\n<strong>Zagospodarowanie terenu na cele turystyczno &#8211; rekreacyjne w Parku Natury w Odolanowie<\/strong><\/p>\n<p>&nbsp;<\/p>\n<div class=\"przetargi_data\">Data wszcz\u0119cia postepowania &#8211; 2 czerwca 2021r.<\/div>\n<div class=\"przetargi_data\">Data ko\u0144ca sk\u0142adania ofert &#8211; czwartek 17 czerwca 2021r.<\/div>\n<div class=\"przetargi_data\">Data otwarcia ofert &#8211; czwartek 17 czerwca 2021r. godzina 10.00<\/div>\n<div><a href=\"http:\/\/odk.odolanow.pl\/bip\/wp-content\/uploads\/2021\/07\/Powiadomienie-o-uniewaznieniu-postepowania.pdf\">Powiadomienie o uniewa\u017cnieniu post\u0119powania<\/a><\/div>\n<div><a href=\"http:\/\/odk.odolanow.pl\/bip\/wp-content\/uploads\/2021\/06\/Informacja-z-otwarcia-ofert-1.pdf\">Informacja z otwarcia ofert<\/a><\/div>\n<div><\/div>\n<div><a href=\"http:\/\/odk.odolanow.pl\/bip\/wp-content\/uploads\/2021\/06\/Informacja-o-kwocie-przeznaczonej-na-realizacje-zamowienia-1.pdf\">Informacja o kwocie przeznaczonej na realizacj\u0119 zam\u00f3wienia<\/a><\/div>\n<div><a href=\"http:\/\/odk.odolanow.pl\/bip\/wp-content\/uploads\/2021\/06\/Ogloszenie-o-zmianie-ogloszenia-18.06.2021.pdf\">Og\u0142oszenie o zmianie og\u0142oszenia 18.06.2021<\/a><\/div>\n<div><a href=\"http:\/\/odk.odolanow.pl\/bip\/wp-content\/uploads\/2021\/06\/Powiadomienie-o-zmianach-SWZ-1.pdf\">Powiadomienie o zmianach SWZ<\/a><\/div>\n<div><a href=\"http:\/\/odk.odolanow.pl\/bip\/wp-content\/uploads\/2021\/06\/Wyjasnienie-tresci-SWZ-1.pdf\">Wyjasnienie tre\u015bci SWZ<\/a><\/div>\n<div><a href=\"http:\/\/odk.odolanow.pl\/bip\/wp-content\/uploads\/2021\/06\/Wzor-umowy-18.06.2021.doc\">Wz\u00f3r umowy &#8211; 18.06.2021<\/a><\/div>\n<div><a href=\"http:\/\/odk.odolanow.pl\/bip\/wp-content\/uploads\/2021\/06\/Zawiadomienie-o-terminie-zlozenia-ofert.pdf\">Zawiadomienie o terminie z\u0142o\u017cenia ofert<\/a><\/div>\n<div><\/div>\n<div><\/div>\n<div><a href=\"http:\/\/odk.odolanow.pl\/bip\/wp-content\/uploads\/2021\/06\/Ogloszenie-o-zmianie-ogloszenia-2.pdf\">Og\u0142oszenie o zmianie og\u0142oszenia 2<\/a><\/div>\n<div><a href=\"http:\/\/odk.odolanow.pl\/bip\/wp-content\/uploads\/2021\/06\/Powiadomienie-o-zmianach-SWZ.pdf\">Powiadomienie o zmianach SWZ<\/a><\/div>\n<div><a href=\"http:\/\/odk.odolanow.pl\/bip\/wp-content\/uploads\/2021\/06\/Wyjasnienie-tresci-SWZ.pdf\">Wyja\u015bnienie tre\u015bci SWZ<\/a><\/div>\n<div><a href=\"http:\/\/odk.odolanow.pl\/bip\/wp-content\/uploads\/2021\/06\/Wzor-umowy-15.06.2021.doc\">Wz\u00f3r umowy &#8211; 15.06.2021<\/a><\/div>\n<div><a href=\"http:\/\/odk.odolanow.pl\/bip\/wp-content\/uploads\/2021\/06\/Zawiadomienie-o-przedluzeniu-terminu-skladania-ofert.pdf\">Zawiadomienie o przed\u0142u\u017ceniu terminu sk\u0142adania ofert<\/a><\/div>\n<div><\/div>\n<div><\/div>\n<div><\/div>\n<div><a href=\"http:\/\/odk.odolanow.pl\/bip\/wp-content\/uploads\/2021\/06\/Informacja.docx\">Informacja<\/a><\/div>\n<div><a href=\"http:\/\/odk.odolanow.pl\/bip\/wp-content\/uploads\/2021\/06\/SWZ-na-dostawe-i-uslugi-procedura-uproszczona-po-zmianie-aktualny-07.06.docx\">SWZ &#8211; na dostaw\u0119 i us\u0142ugi procedura uproszczona &#8211; po zmianie aktualny 07.06<\/a><\/div>\n<div><\/div>\n<div><a href=\"http:\/\/odk.odolanow.pl\/bip\/wp-content\/uploads\/2021\/06\/Ogloszenie-o-zmianie-ogloszenia-1.pdf\">Og\u0142oszenie o zmianie og\u0142oszenia<\/a><\/div>\n<div><a href=\"http:\/\/odk.odolanow.pl\/bip\/wp-content\/uploads\/2021\/06\/Powiadomienie-o-zmianach-w-SWZ-procedura-uproszczona-1.pdf\">Powiadomienie o zmianach w SWZ (procedura uproszczona)<\/a><\/div>\n<div><a href=\"http:\/\/odk.odolanow.pl\/bip\/wp-content\/uploads\/2021\/06\/SWZ-na-dostawe-i-uslugi-procedura-uproszczona-po-zmianie-aktualny-2.docx\">SWZ &#8211; na dostaw\u0119 i us\u0142ugi procedura uproszczona &#8211; po zmianie aktualny<\/a><\/div>\n<div><a href=\"http:\/\/odk.odolanow.pl\/bip\/wp-content\/uploads\/2021\/06\/SWZ-na-dostawe-i-uslugi-procedura-uproszczona-po-zmianie-aktualny-1.pdf\">SWZ &#8211; na dostaw\u0119 i us\u0142ugi procedura uproszczona &#8211; po zmianie aktualny<\/a><\/div>\n<div><\/div>\n<div class=\"przetargi_data\"><\/div>\n<p><a href=\"http:\/\/odk.odolanow.pl\/bip\/wp-content\/uploads\/2021\/06\/Ogloszenie-o-zamowieniu.pdf\">Og\u0142oszenie o zam\u00f3wieniu<\/a><\/p>\n<p><a href=\"http:\/\/odk.odolanow.pl\/bip\/wp-content\/uploads\/2021\/06\/SWZ-na-dostawe-i-uslugi-procedura-uproszczona.docx\">SWZ &#8211; na dostaw\u0119 i us\u0142ugi procedura uproszczona<\/a><\/p>\n<p><a href=\"http:\/\/odk.odolanow.pl\/bip\/wp-content\/uploads\/2021\/06\/Wzor-oferty-na-dostawy.docx\">Wz\u00f3r oferty na dostawy<\/a><\/p>\n<p><a href=\"http:\/\/odk.odolanow.pl\/bip\/wp-content\/uploads\/2021\/06\/Wzor-umowy.doc\">Wz\u00f3r umowy<\/a><\/p>\n<p><a href=\"http:\/\/odk.odolanow.pl\/bip\/wp-content\/uploads\/2021\/06\/Zalacznik-nr-1-Oswiadczenie-o-niepodleganiu-wykluczeniu-oraz-spelnianiu-warunkow-udzialu.docx\">Za\u0142\u0105cznik nr 1 &#8211; O\u015bwiadczenie o niepodleganiu wykluczeniu oraz spe\u0142nianiu warunk\u00f3w udzia\u0142u<\/a><\/p>\n<p><a href=\"http:\/\/odk.odolanow.pl\/bip\/wp-content\/uploads\/2021\/06\/Zalacznik-nr-2-Zobowiazanie-podmiotu-udostepniajacego-zasoby.docx\">Za\u0142\u0105cznik nr 2 &#8211; Zobowi\u0105zanie podmiotu udost\u0119pniaj\u0105cego zasoby<\/a><\/p>\n<p><a href=\"http:\/\/odk.odolanow.pl\/bip\/wp-content\/uploads\/2021\/06\/Zalacznik-nr-3-Wykaz-dostaw-lub-uslug.docx\">Za\u0142\u0105cznik nr 3 &#8211; Wykaz dostaw lub us\u0142ug<\/a><\/p>\n<p><a href=\"http:\/\/odk.odolanow.pl\/bip\/wp-content\/uploads\/2021\/06\/OPIS_Park-Natury-w-Odolanowie_Aktualny.pdf\">OPIS_Park Natury w Odolanowie_Aktualny<\/a><\/p>\n<p><a href=\"http:\/\/odk.odolanow.pl\/bip\/wp-content\/uploads\/2021\/06\/Przedmiar-robot-aktualny.pdf\">Przedmiar rob\u00f3t aktualny<\/a><\/p>\n<p><a href=\"http:\/\/odk.odolanow.pl\/bip\/wp-content\/uploads\/2021\/06\/rys1_sytuacja.pdf\">rys1_sytuacja<\/a><\/p>\n<p><a href=\"http:\/\/odk.odolanow.pl\/bip\/wp-content\/uploads\/2021\/06\/rys2_projekt-zagospodarowania-terenu.pdf\">rys2_projekt zagospodarowania terenu<\/a><\/p>\n<p><a href=\"http:\/\/odk.odolanow.pl\/bip\/wp-content\/uploads\/2021\/06\/rys3_wizualizacja.pdf\">rys3_wizualizacja<\/a><\/p>\n<p><a href=\"http:\/\/odk.odolanow.pl\/bip\/wp-content\/uploads\/2021\/06\/SST-Park-Natury.pdf\">SST Park Natury<\/a><\/p>\n<p><a href=\"http:\/\/odk.odolanow.pl\/bip\/wp-content\/uploads\/2021\/06\/Zarzadzenie-dyrektora.pdf\">Zarz\u0105dzenie dyrektora ODK w sprawie powo\u0142ania komisji przetargowej<\/a><\/p>\n<p>_____________________________________________________<\/p>\n<p>Zapytania ofertowe XXVIII Dni Odolanowa<\/p>\n<p><a href=\"http:\/\/odk.odolanow.pl\/bip\/wp-content\/uploads\/2020\/01\/Zapytanie-Gastronomia-Dni-Odolanowa-2020.pdf\">Zapytanie Gastronomia Dni Odolanowa 2020<\/a><\/p>\n<p><a href=\"http:\/\/odk.odolanow.pl\/bip\/wp-content\/uploads\/2020\/01\/Za\u0142\u0105cznik-graficzny-Gastronomia.jpg\">Za\u0142\u0105cznik graficzny &#8211; gastronomia<\/a><\/p>\n<p><a href=\"http:\/\/odk.odolanow.pl\/bip\/wp-content\/uploads\/2020\/01\/Zapytanie-Karuzele-Dni-Odolanowa-2020.pdf\">Zapytanie Karuzele Dni Odolanowa 2020<\/a><\/p>\n<p><a href=\"http:\/\/odk.odolanow.pl\/bip\/wp-content\/uploads\/2020\/01\/Za\u0142acznik-graficzny-Karuzele.jpg\">Za\u0142\u0105cznik graficzny &#8222;Karuzele&#8221;<\/a><\/p>\n<p><a href=\"http:\/\/odk.odolanow.pl\/bip\/wp-content\/uploads\/2020\/01\/Zapytanie-Ogr\u00f3dek-Piwny-Dni-Odolanowa-2020.pdf\">Zapytanie Ogr\u00f3dek Piwny Dni Odolanowa 2020<\/a><\/p>\n<p><a href=\"http:\/\/odk.odolanow.pl\/bip\/wp-content\/uploads\/2020\/01\/Za\u0142\u0105cznik-graficzny-Gastronomia.jpg\">Za\u0142\u0105cznik graficzny &#8222;Ogr\u00f3dek Piwny&#8221;<\/a><\/p>\n<p><a href=\"http:\/\/odk.odolanow.pl\/bip\/wp-content\/uploads\/2020\/01\/Zapytanie-Weso\u0142e-miasteczko-dmucha\u0144ce-2020.pdf\">Zapytanie Weso\u0142e miasteczko dmucha\u0144ce 2020<\/a><\/p>\n<p><a href=\"http:\/\/odk.odolanow.pl\/bip\/wp-content\/uploads\/2020\/01\/Za\u0142\u0105cznik-graficzny-Dmucha\u0144ce.jpg\">Za\u0142\u0105cznik graficzny &#8222;Dmucha\u0144ce&#8221;<\/a><\/p>\n<p>&nbsp;<\/p>\n<p>&nbsp;<\/p>\n<p>&nbsp;<\/p>\n<p>&nbsp;<\/p>\n","protected":false},"excerpt":{"rendered":"<p>20.01.2026 Zapytania ofertowe w zakresie wynajmu terenu pod dzia\u0142alno\u015b\u0107 przedmiotow\u0105 w trakcie XXX Dni Odolanowa. Zapytanie Gastronomia Dni Odolanowa 2026 Za\u0142acznik graficzny &#8211; GASTRONOMIA Zapytanie Karuzele Dni Odolanowa 2026 Za\u0142acznik graficzny KARUZELE Zapytanie Ogrdek Piwny Dni Odoalnowa 2026 Za\u0142\u0105cznik graficzny &#8211; OGR\u00d3DEK PIWNY Zapytanie Weso\u0142e miasteczko dmucha\u0144ce 2026 Za\u0142\u0105cznik graficzny &#8211; DMUCHA\u0143CE 21.02.2022r. Status post\u0119powania: [&hellip;]<\/p>\n","protected":false},"author":1,"featured_media":0,"parent":0,"menu_order":0,"comment_status":"closed","ping_status":"closed","template":"","meta":{"footnotes":""},"class_list":["post-202","page","type-page","status-publish","hentry"],"yoast_head":"<!-- This site is optimized with the Yoast SEO plugin v27.5 - https:\/\/yoast.com\/product\/yoast-seo-wordpress\/ -->\n<title>Zam\u00f3wienia publiczne - Biuletyn Informacji Publicznej Odolanowskego Domu Kultury<\/title>\n<meta name=\"robots\" content=\"noindex, follow, max-snippet:-1, max-image-preview:large, max-video-preview:-1\" \/>\n<meta property=\"og:locale\" content=\"pl_PL\" \/>\n<meta property=\"og:type\" content=\"article\" \/>\n<meta property=\"og:title\" content=\"Zam\u00f3wienia publiczne - Biuletyn Informacji Publicznej Odolanowskego Domu Kultury\" \/>\n<meta property=\"og:description\" content=\"20.01.2026 Zapytania ofertowe w zakresie wynajmu terenu pod dzia\u0142alno\u015b\u0107 przedmiotow\u0105 w trakcie XXX Dni Odolanowa. Zapytanie Gastronomia Dni Odolanowa 2026 Za\u0142acznik graficzny &#8211; GASTRONOMIA Zapytanie Karuzele Dni Odolanowa 2026 Za\u0142acznik graficzny KARUZELE Zapytanie Ogrdek Piwny Dni Odoalnowa 2026 Za\u0142\u0105cznik graficzny &#8211; OGR\u00d3DEK PIWNY Zapytanie Weso\u0142e miasteczko dmucha\u0144ce 2026 Za\u0142\u0105cznik graficzny &#8211; DMUCHA\u0143CE 21.02.2022r. Status post\u0119powania: [&hellip;]\" \/>\n<meta property=\"og:url\" content=\"http:\/\/odk.odolanow.pl\/bip\/zamowienia-publiczne\/\" \/>\n<meta property=\"og:site_name\" content=\"Biuletyn Informacji Publicznej Odolanowskego Domu Kultury\" \/>\n<meta property=\"article:modified_time\" content=\"2026-01-20T09:11:32+00:00\" \/>\n<meta name=\"twitter:card\" content=\"summary_large_image\" \/>\n<meta name=\"twitter:label1\" content=\"Szacowany czas czytania\" \/>\n\t<meta name=\"twitter:data1\" content=\"3 minuty\" \/>\n<script type=\"application\/ld+json\" class=\"yoast-schema-graph\">{\"@context\":\"https:\\\/\\\/schema.org\",\"@graph\":[{\"@type\":\"WebPage\",\"@id\":\"http:\\\/\\\/odk.odolanow.pl\\\/bip\\\/zamowienia-publiczne\\\/\",\"url\":\"http:\\\/\\\/odk.odolanow.pl\\\/bip\\\/zamowienia-publiczne\\\/\",\"name\":\"Zam\u00f3wienia publiczne - Biuletyn Informacji Publicznej Odolanowskego Domu Kultury\",\"isPartOf\":{\"@id\":\"http:\\\/\\\/odk.odolanow.pl\\\/bip\\\/#website\"},\"datePublished\":\"2020-01-15T12:58:29+00:00\",\"dateModified\":\"2026-01-20T09:11:32+00:00\",\"breadcrumb\":{\"@id\":\"http:\\\/\\\/odk.odolanow.pl\\\/bip\\\/zamowienia-publiczne\\\/#breadcrumb\"},\"inLanguage\":\"pl-PL\",\"potentialAction\":[{\"@type\":\"ReadAction\",\"target\":[\"http:\\\/\\\/odk.odolanow.pl\\\/bip\\\/zamowienia-publiczne\\\/\"]}]},{\"@type\":\"BreadcrumbList\",\"@id\":\"http:\\\/\\\/odk.odolanow.pl\\\/bip\\\/zamowienia-publiczne\\\/#breadcrumb\",\"itemListElement\":[{\"@type\":\"ListItem\",\"position\":1,\"name\":\"Strona g\u0142\u00f3wna\",\"item\":\"http:\\\/\\\/odk.odolanow.pl\\\/bip\\\/\"},{\"@type\":\"ListItem\",\"position\":2,\"name\":\"Zam\u00f3wienia publiczne\"}]},{\"@type\":\"WebSite\",\"@id\":\"http:\\\/\\\/odk.odolanow.pl\\\/bip\\\/#website\",\"url\":\"http:\\\/\\\/odk.odolanow.pl\\\/bip\\\/\",\"name\":\"Biuletyn Informacji Publicznej Odolanowskego Domu Kultury\",\"description\":\"\",\"potentialAction\":[{\"@type\":\"SearchAction\",\"target\":{\"@type\":\"EntryPoint\",\"urlTemplate\":\"http:\\\/\\\/odk.odolanow.pl\\\/bip\\\/?s={search_term_string}\"},\"query-input\":{\"@type\":\"PropertyValueSpecification\",\"valueRequired\":true,\"valueName\":\"search_term_string\"}}],\"inLanguage\":\"pl-PL\"}]}<\/script>\n<!-- \/ Yoast SEO plugin. -->","yoast_head_json":{"title":"Zam\u00f3wienia publiczne - Biuletyn Informacji Publicznej Odolanowskego Domu Kultury","robots":{"index":"noindex","follow":"follow","max-snippet":"max-snippet:-1","max-image-preview":"max-image-preview:large","max-video-preview":"max-video-preview:-1"},"og_locale":"pl_PL","og_type":"article","og_title":"Zam\u00f3wienia publiczne - Biuletyn Informacji Publicznej Odolanowskego Domu Kultury","og_description":"20.01.2026 Zapytania ofertowe w zakresie wynajmu terenu pod dzia\u0142alno\u015b\u0107 przedmiotow\u0105 w trakcie XXX Dni Odolanowa. Zapytanie Gastronomia Dni Odolanowa 2026 Za\u0142acznik graficzny &#8211; GASTRONOMIA Zapytanie Karuzele Dni Odolanowa 2026 Za\u0142acznik graficzny KARUZELE Zapytanie Ogrdek Piwny Dni Odoalnowa 2026 Za\u0142\u0105cznik graficzny &#8211; OGR\u00d3DEK PIWNY Zapytanie Weso\u0142e miasteczko dmucha\u0144ce 2026 Za\u0142\u0105cznik graficzny &#8211; DMUCHA\u0143CE 21.02.2022r. Status post\u0119powania: [&hellip;]","og_url":"http:\/\/odk.odolanow.pl\/bip\/zamowienia-publiczne\/","og_site_name":"Biuletyn Informacji Publicznej Odolanowskego Domu Kultury","article_modified_time":"2026-01-20T09:11:32+00:00","twitter_card":"summary_large_image","twitter_misc":{"Szacowany czas czytania":"3 minuty"},"schema":{"@context":"https:\/\/schema.org","@graph":[{"@type":"WebPage","@id":"http:\/\/odk.odolanow.pl\/bip\/zamowienia-publiczne\/","url":"http:\/\/odk.odolanow.pl\/bip\/zamowienia-publiczne\/","name":"Zam\u00f3wienia publiczne - Biuletyn Informacji Publicznej Odolanowskego Domu Kultury","isPartOf":{"@id":"http:\/\/odk.odolanow.pl\/bip\/#website"},"datePublished":"2020-01-15T12:58:29+00:00","dateModified":"2026-01-20T09:11:32+00:00","breadcrumb":{"@id":"http:\/\/odk.odolanow.pl\/bip\/zamowienia-publiczne\/#breadcrumb"},"inLanguage":"pl-PL","potentialAction":[{"@type":"ReadAction","target":["http:\/\/odk.odolanow.pl\/bip\/zamowienia-publiczne\/"]}]},{"@type":"BreadcrumbList","@id":"http:\/\/odk.odolanow.pl\/bip\/zamowienia-publiczne\/#breadcrumb","itemListElement":[{"@type":"ListItem","position":1,"name":"Strona g\u0142\u00f3wna","item":"http:\/\/odk.odolanow.pl\/bip\/"},{"@type":"ListItem","position":2,"name":"Zam\u00f3wienia publiczne"}]},{"@type":"WebSite","@id":"http:\/\/odk.odolanow.pl\/bip\/#website","url":"http:\/\/odk.odolanow.pl\/bip\/","name":"Biuletyn Informacji Publicznej Odolanowskego Domu Kultury","description":"","potentialAction":[{"@type":"SearchAction","target":{"@type":"EntryPoint","urlTemplate":"http:\/\/odk.odolanow.pl\/bip\/?s={search_term_string}"},"query-input":{"@type":"PropertyValueSpecification","valueRequired":true,"valueName":"search_term_string"}}],"inLanguage":"pl-PL"}]}},"_links":{"self":[{"href":"http:\/\/odk.odolanow.pl\/bip\/wp-json\/wp\/v2\/pages\/202","targetHints":{"allow":["GET"]}}],"collection":[{"href":"http:\/\/odk.odolanow.pl\/bip\/wp-json\/wp\/v2\/pages"}],"about":[{"href":"http:\/\/odk.odolanow.pl\/bip\/wp-json\/wp\/v2\/types\/page"}],"author":[{"embeddable":true,"href":"http:\/\/odk.odolanow.pl\/bip\/wp-json\/wp\/v2\/users\/1"}],"replies":[{"embeddable":true,"href":"http:\/\/odk.odolanow.pl\/bip\/wp-json\/wp\/v2\/comments?post=202"}],"version-history":[{"count":22,"href":"http:\/\/odk.odolanow.pl\/bip\/wp-json\/wp\/v2\/pages\/202\/revisions"}],"predecessor-version":[{"id":406,"href":"http:\/\/odk.odolanow.pl\/bip\/wp-json\/wp\/v2\/pages\/202\/revisions\/406"}],"wp:attachment":[{"href":"http:\/\/odk.odolanow.pl\/bip\/wp-json\/wp\/v2\/media?parent=202"}],"curies":[{"name":"wp","href":"https:\/\/api.w.org\/{rel}","templated":true}]}}