{"id":165,"date":"2019-04-23T12:01:35","date_gmt":"2019-04-23T10:01:35","guid":{"rendered":"http:\/\/odk.odolanow.pl\/bip\/?page_id=165"},"modified":"2021-04-12T15:33:10","modified_gmt":"2021-04-12T13:33:10","slug":"zasady-udostepniania-informacji-publicznej","status":"publish","type":"page","link":"http:\/\/odk.odolanow.pl\/bip\/zasady-udostepniania-informacji-publicznej\/","title":{"rendered":"Zasady udost\u0119pniania informacji publicznej"},"content":{"rendered":"<p style=\"text-align: center;\"><strong>Zasady udost\u0119pniania informacji publicznej w Odolanowskim Domu Kultury<\/strong><\/p>\n<ol>\n<li>Zasady dost\u0119pu do informacji publicznej okre\u015bla ustawa z 6 wrze\u015bnia 2001 r. o dost\u0119pie do informacji publicznej ( Dz. U. Nr 112 poz. 1198 z p\u00f3\u017an. zm.) Ustawodawca zobowi\u0105za\u0142 organy w\u0142adzy pa\u0144stwowej do udost\u0119pniania ka\u017cdej informacji o sprawach publicznych z wy\u0142\u0105czeniem informacji okre\u015blonych w ustawie.<\/li>\n<li>Udost\u0119pnianie informacji publicznej w Odolanowskim Domu Kultury realizowana jest przede wszystkim poprzez umieszczanie i aktualizowanie informacji w Biuletynie Informacji Publicznej. Informacja, kt\u00f3ra nie zosta\u0142a udost\u0119pniona w BIP mo\u017ce by\u0107 udost\u0119pniona na pisemny wniosek zainteresowanego.<\/li>\n<li>Wnioski o udzielenie informacji publicznej mo\u017cna z\u0142o\u017cy\u0107 w sekretariacie szko\u0142y, poczt\u0105 elektroniczn\u0105 na adres\u00a0<a href=\"mailto:odk.odolanow@op.pl\">odk.odolanow@op.pl<\/a>lub adres poczty tradycyjnej.<\/li>\n<li>Udost\u0119pnianie informacji publicznej na wniosek zainteresowanego nast\u0119puje bez zb\u0119dnej zw\u0142oki, nie p\u00f3\u017aniej jednak ni\u017c w terminie 14 dni od dnia z\u0142o\u017cenia wniosku. Je\u017celi informacja nie mo\u017ce by\u0107 udost\u0119pniona w wyznaczonym terminie wnioskodawca zostaje poinformowany o powodach op\u00f3\u017anienia i terminie udzielenia odpowiedzi.<\/li>\n<li>W przypadku odmowy udost\u0119pnienia informacji publicznej wnioskodawcy przys\u0142uguje odwo\u0142anie. Odwo\u0142anie od decyzji rozpatruje si\u0119 w terminie 14 dni.<\/li>\n<li>Odmowa udost\u0119pnienia informacji publicznej nast\u0119puje w drodze decyzji administracyjnej.<\/li>\n<li>Za udzielenie informacji publicznej mog\u0105 by\u0107 pobierane op\u0142aty, je\u017celi ODK b\u0119dzie musia\u0142 ponie\u015b\u0107 dodatkowe koszty zwi\u0105zane ze wskazanym we wniosku sposobem udost\u0119pnienia lub konieczno\u015bci\u0105 przekszta\u0142cenia informacji na form\u0119 wskazan\u0105 we wniosku. Wnioskodawca b\u0119dzie poinformowany o wysoko\u015bci op\u0142aty ( art. 15 pkt 1 Ustawy o dost\u0119pie do informacji publicznej z dnia 6 wrze\u015bnia 2001 r. Dz. U. 112, poz. 1198 z p\u00f3\u017cn. zm.)<\/li>\n<\/ol>\n<p><a href=\"http:\/\/odk.odolanow.pl\/bip\/wp-content\/uploads\/2021\/04\/Wzor-wniosku-o-udostepenienie-informacji-publicznej-ODK.doc\">Wz\u00f3r wniosku o udost\u0119pnienie informacji publicznej ODK<\/a><\/p>\n<p><a href=\"http:\/\/odk.odolanow.pl\/bip\/wp-content\/uploads\/2021\/04\/Ustawa-o-ochronie-Danych.pdf\">Ustawa o ochronie danych<\/a><\/p>\n<p>&nbsp;<\/p>\n","protected":false},"excerpt":{"rendered":"<p>Zasady udost\u0119pniania informacji publicznej w Odolanowskim Domu Kultury Zasady dost\u0119pu do informacji publicznej okre\u015bla ustawa z 6 wrze\u015bnia 2001 r. o dost\u0119pie do informacji publicznej ( Dz. U. Nr 112 poz. 1198 z p\u00f3\u017an. zm.) Ustawodawca zobowi\u0105za\u0142 organy w\u0142adzy pa\u0144stwowej do udost\u0119pniania ka\u017cdej informacji o sprawach publicznych z wy\u0142\u0105czeniem informacji okre\u015blonych w ustawie. Udost\u0119pnianie informacji [&hellip;]<\/p>\n","protected":false},"author":1,"featured_media":0,"parent":0,"menu_order":0,"comment_status":"closed","ping_status":"closed","template":"","meta":{"footnotes":""},"class_list":["post-165","page","type-page","status-publish","hentry"],"yoast_head":"<!-- This site is optimized with the Yoast SEO plugin v27.5 - https:\/\/yoast.com\/product\/yoast-seo-wordpress\/ -->\n<title>Zasady udost\u0119pniania informacji publicznej - Biuletyn Informacji Publicznej Odolanowskego Domu Kultury<\/title>\n<meta name=\"robots\" content=\"noindex, follow, max-snippet:-1, max-image-preview:large, max-video-preview:-1\" \/>\n<meta property=\"og:locale\" content=\"pl_PL\" \/>\n<meta property=\"og:type\" content=\"article\" \/>\n<meta property=\"og:title\" content=\"Zasady udost\u0119pniania informacji publicznej - Biuletyn Informacji Publicznej Odolanowskego Domu Kultury\" \/>\n<meta property=\"og:description\" content=\"Zasady udost\u0119pniania informacji publicznej w Odolanowskim Domu Kultury Zasady dost\u0119pu do informacji publicznej okre\u015bla ustawa z 6 wrze\u015bnia 2001 r. o dost\u0119pie do informacji publicznej ( Dz. U. Nr 112 poz. 1198 z p\u00f3\u017an. zm.) Ustawodawca zobowi\u0105za\u0142 organy w\u0142adzy pa\u0144stwowej do udost\u0119pniania ka\u017cdej informacji o sprawach publicznych z wy\u0142\u0105czeniem informacji okre\u015blonych w ustawie. Udost\u0119pnianie informacji [&hellip;]\" \/>\n<meta property=\"og:url\" content=\"http:\/\/odk.odolanow.pl\/bip\/zasady-udostepniania-informacji-publicznej\/\" \/>\n<meta property=\"og:site_name\" content=\"Biuletyn Informacji Publicznej Odolanowskego Domu Kultury\" \/>\n<meta property=\"article:modified_time\" content=\"2021-04-12T13:33:10+00:00\" \/>\n<meta name=\"twitter:card\" content=\"summary_large_image\" \/>\n<meta name=\"twitter:label1\" content=\"Szacowany czas czytania\" \/>\n\t<meta name=\"twitter:data1\" content=\"2 minuty\" \/>\n<script type=\"application\/ld+json\" class=\"yoast-schema-graph\">{\"@context\":\"https:\\\/\\\/schema.org\",\"@graph\":[{\"@type\":\"WebPage\",\"@id\":\"http:\\\/\\\/odk.odolanow.pl\\\/bip\\\/zasady-udostepniania-informacji-publicznej\\\/\",\"url\":\"http:\\\/\\\/odk.odolanow.pl\\\/bip\\\/zasady-udostepniania-informacji-publicznej\\\/\",\"name\":\"Zasady udost\u0119pniania informacji publicznej - Biuletyn Informacji Publicznej Odolanowskego Domu Kultury\",\"isPartOf\":{\"@id\":\"http:\\\/\\\/odk.odolanow.pl\\\/bip\\\/#website\"},\"datePublished\":\"2019-04-23T10:01:35+00:00\",\"dateModified\":\"2021-04-12T13:33:10+00:00\",\"breadcrumb\":{\"@id\":\"http:\\\/\\\/odk.odolanow.pl\\\/bip\\\/zasady-udostepniania-informacji-publicznej\\\/#breadcrumb\"},\"inLanguage\":\"pl-PL\",\"potentialAction\":[{\"@type\":\"ReadAction\",\"target\":[\"http:\\\/\\\/odk.odolanow.pl\\\/bip\\\/zasady-udostepniania-informacji-publicznej\\\/\"]}]},{\"@type\":\"BreadcrumbList\",\"@id\":\"http:\\\/\\\/odk.odolanow.pl\\\/bip\\\/zasady-udostepniania-informacji-publicznej\\\/#breadcrumb\",\"itemListElement\":[{\"@type\":\"ListItem\",\"position\":1,\"name\":\"Strona g\u0142\u00f3wna\",\"item\":\"http:\\\/\\\/odk.odolanow.pl\\\/bip\\\/\"},{\"@type\":\"ListItem\",\"position\":2,\"name\":\"Zasady udost\u0119pniania informacji publicznej\"}]},{\"@type\":\"WebSite\",\"@id\":\"http:\\\/\\\/odk.odolanow.pl\\\/bip\\\/#website\",\"url\":\"http:\\\/\\\/odk.odolanow.pl\\\/bip\\\/\",\"name\":\"Biuletyn Informacji Publicznej Odolanowskego Domu Kultury\",\"description\":\"\",\"potentialAction\":[{\"@type\":\"SearchAction\",\"target\":{\"@type\":\"EntryPoint\",\"urlTemplate\":\"http:\\\/\\\/odk.odolanow.pl\\\/bip\\\/?s={search_term_string}\"},\"query-input\":{\"@type\":\"PropertyValueSpecification\",\"valueRequired\":true,\"valueName\":\"search_term_string\"}}],\"inLanguage\":\"pl-PL\"}]}<\/script>\n<!-- \/ Yoast SEO plugin. -->","yoast_head_json":{"title":"Zasady udost\u0119pniania informacji publicznej - Biuletyn Informacji Publicznej Odolanowskego Domu Kultury","robots":{"index":"noindex","follow":"follow","max-snippet":"max-snippet:-1","max-image-preview":"max-image-preview:large","max-video-preview":"max-video-preview:-1"},"og_locale":"pl_PL","og_type":"article","og_title":"Zasady udost\u0119pniania informacji publicznej - Biuletyn Informacji Publicznej Odolanowskego Domu Kultury","og_description":"Zasady udost\u0119pniania informacji publicznej w Odolanowskim Domu Kultury Zasady dost\u0119pu do informacji publicznej okre\u015bla ustawa z 6 wrze\u015bnia 2001 r. o dost\u0119pie do informacji publicznej ( Dz. U. Nr 112 poz. 1198 z p\u00f3\u017an. zm.) Ustawodawca zobowi\u0105za\u0142 organy w\u0142adzy pa\u0144stwowej do udost\u0119pniania ka\u017cdej informacji o sprawach publicznych z wy\u0142\u0105czeniem informacji okre\u015blonych w ustawie. Udost\u0119pnianie informacji [&hellip;]","og_url":"http:\/\/odk.odolanow.pl\/bip\/zasady-udostepniania-informacji-publicznej\/","og_site_name":"Biuletyn Informacji Publicznej Odolanowskego Domu Kultury","article_modified_time":"2021-04-12T13:33:10+00:00","twitter_card":"summary_large_image","twitter_misc":{"Szacowany czas czytania":"2 minuty"},"schema":{"@context":"https:\/\/schema.org","@graph":[{"@type":"WebPage","@id":"http:\/\/odk.odolanow.pl\/bip\/zasady-udostepniania-informacji-publicznej\/","url":"http:\/\/odk.odolanow.pl\/bip\/zasady-udostepniania-informacji-publicznej\/","name":"Zasady udost\u0119pniania informacji publicznej - Biuletyn Informacji Publicznej Odolanowskego Domu Kultury","isPartOf":{"@id":"http:\/\/odk.odolanow.pl\/bip\/#website"},"datePublished":"2019-04-23T10:01:35+00:00","dateModified":"2021-04-12T13:33:10+00:00","breadcrumb":{"@id":"http:\/\/odk.odolanow.pl\/bip\/zasady-udostepniania-informacji-publicznej\/#breadcrumb"},"inLanguage":"pl-PL","potentialAction":[{"@type":"ReadAction","target":["http:\/\/odk.odolanow.pl\/bip\/zasady-udostepniania-informacji-publicznej\/"]}]},{"@type":"BreadcrumbList","@id":"http:\/\/odk.odolanow.pl\/bip\/zasady-udostepniania-informacji-publicznej\/#breadcrumb","itemListElement":[{"@type":"ListItem","position":1,"name":"Strona g\u0142\u00f3wna","item":"http:\/\/odk.odolanow.pl\/bip\/"},{"@type":"ListItem","position":2,"name":"Zasady udost\u0119pniania informacji publicznej"}]},{"@type":"WebSite","@id":"http:\/\/odk.odolanow.pl\/bip\/#website","url":"http:\/\/odk.odolanow.pl\/bip\/","name":"Biuletyn Informacji Publicznej Odolanowskego Domu Kultury","description":"","potentialAction":[{"@type":"SearchAction","target":{"@type":"EntryPoint","urlTemplate":"http:\/\/odk.odolanow.pl\/bip\/?s={search_term_string}"},"query-input":{"@type":"PropertyValueSpecification","valueRequired":true,"valueName":"search_term_string"}}],"inLanguage":"pl-PL"}]}},"_links":{"self":[{"href":"http:\/\/odk.odolanow.pl\/bip\/wp-json\/wp\/v2\/pages\/165","targetHints":{"allow":["GET"]}}],"collection":[{"href":"http:\/\/odk.odolanow.pl\/bip\/wp-json\/wp\/v2\/pages"}],"about":[{"href":"http:\/\/odk.odolanow.pl\/bip\/wp-json\/wp\/v2\/types\/page"}],"author":[{"embeddable":true,"href":"http:\/\/odk.odolanow.pl\/bip\/wp-json\/wp\/v2\/users\/1"}],"replies":[{"embeddable":true,"href":"http:\/\/odk.odolanow.pl\/bip\/wp-json\/wp\/v2\/comments?post=165"}],"version-history":[{"count":5,"href":"http:\/\/odk.odolanow.pl\/bip\/wp-json\/wp\/v2\/pages\/165\/revisions"}],"predecessor-version":[{"id":253,"href":"http:\/\/odk.odolanow.pl\/bip\/wp-json\/wp\/v2\/pages\/165\/revisions\/253"}],"wp:attachment":[{"href":"http:\/\/odk.odolanow.pl\/bip\/wp-json\/wp\/v2\/media?parent=165"}],"curies":[{"name":"wp","href":"https:\/\/api.w.org\/{rel}","templated":true}]}}