{"id":160,"date":"2019-04-23T12:01:04","date_gmt":"2019-04-23T10:01:04","guid":{"rendered":"http:\/\/odk.odolanow.pl\/bip\/?page_id=160"},"modified":"2026-03-24T14:39:34","modified_gmt":"2026-03-24T13:39:34","slug":"oferty-pracy","status":"publish","type":"page","link":"http:\/\/odk.odolanow.pl\/bip\/oferty-pracy\/","title":{"rendered":"Oferty pracy"},"content":{"rendered":"<h5 class=\"predef\">Burmistrz Gminy i Miasta Odolan\u00f3w og\u0142asza konkurs na stanowisko Dyrektora Odolanowskiego Domu Kultury<\/h5>\n<p>&nbsp;<\/p>\n<h5><a href=\"http:\/\/odk.odolanow.pl\/bip\/oferty-pracy\/ogloszenie-o-naborze-na-stanowisko-dyrektora-odk\/\" rel=\"attachment wp-att-410\">Og\u0142oszenie o naborze na stanowisko dyrektora ODK<\/a><\/h5>\n<h5><\/h5>\n","protected":false},"excerpt":{"rendered":"<p>Burmistrz Gminy i Miasta Odolan\u00f3w og\u0142asza konkurs na stanowisko Dyrektora Odolanowskiego Domu Kultury &nbsp; Og\u0142oszenie o naborze na stanowisko dyrektora ODK<\/p>\n","protected":false},"author":1,"featured_media":0,"parent":0,"menu_order":0,"comment_status":"closed","ping_status":"closed","template":"","meta":{"footnotes":""},"class_list":["post-160","page","type-page","status-publish","hentry"],"yoast_head":"<!-- This site is optimized with the Yoast SEO plugin v27.5 - https:\/\/yoast.com\/product\/yoast-seo-wordpress\/ -->\n<title>Oferty pracy - Biuletyn Informacji Publicznej Odolanowskego Domu Kultury<\/title>\n<meta name=\"robots\" content=\"noindex, follow, max-snippet:-1, max-image-preview:large, max-video-preview:-1\" \/>\n<meta property=\"og:locale\" content=\"pl_PL\" \/>\n<meta property=\"og:type\" content=\"article\" \/>\n<meta property=\"og:title\" content=\"Oferty pracy - Biuletyn Informacji Publicznej Odolanowskego Domu Kultury\" \/>\n<meta property=\"og:description\" content=\"Burmistrz Gminy i Miasta Odolan\u00f3w og\u0142asza konkurs na stanowisko Dyrektora Odolanowskiego Domu Kultury &nbsp; Og\u0142oszenie o naborze na stanowisko dyrektora ODK\" \/>\n<meta property=\"og:url\" content=\"http:\/\/odk.odolanow.pl\/bip\/oferty-pracy\/\" \/>\n<meta property=\"og:site_name\" content=\"Biuletyn Informacji Publicznej Odolanowskego Domu Kultury\" \/>\n<meta property=\"article:modified_time\" content=\"2026-03-24T13:39:34+00:00\" \/>\n<meta name=\"twitter:card\" content=\"summary_large_image\" \/>\n<meta name=\"twitter:label1\" content=\"Szacowany czas czytania\" \/>\n\t<meta name=\"twitter:data1\" content=\"1 minuta\" \/>\n<script type=\"application\/ld+json\" class=\"yoast-schema-graph\">{\"@context\":\"https:\\\/\\\/schema.org\",\"@graph\":[{\"@type\":\"WebPage\",\"@id\":\"http:\\\/\\\/odk.odolanow.pl\\\/bip\\\/oferty-pracy\\\/\",\"url\":\"http:\\\/\\\/odk.odolanow.pl\\\/bip\\\/oferty-pracy\\\/\",\"name\":\"Oferty pracy - Biuletyn Informacji Publicznej Odolanowskego Domu Kultury\",\"isPartOf\":{\"@id\":\"http:\\\/\\\/odk.odolanow.pl\\\/bip\\\/#website\"},\"datePublished\":\"2019-04-23T10:01:04+00:00\",\"dateModified\":\"2026-03-24T13:39:34+00:00\",\"breadcrumb\":{\"@id\":\"http:\\\/\\\/odk.odolanow.pl\\\/bip\\\/oferty-pracy\\\/#breadcrumb\"},\"inLanguage\":\"pl-PL\",\"potentialAction\":[{\"@type\":\"ReadAction\",\"target\":[\"http:\\\/\\\/odk.odolanow.pl\\\/bip\\\/oferty-pracy\\\/\"]}]},{\"@type\":\"BreadcrumbList\",\"@id\":\"http:\\\/\\\/odk.odolanow.pl\\\/bip\\\/oferty-pracy\\\/#breadcrumb\",\"itemListElement\":[{\"@type\":\"ListItem\",\"position\":1,\"name\":\"Strona g\u0142\u00f3wna\",\"item\":\"http:\\\/\\\/odk.odolanow.pl\\\/bip\\\/\"},{\"@type\":\"ListItem\",\"position\":2,\"name\":\"Oferty pracy\"}]},{\"@type\":\"WebSite\",\"@id\":\"http:\\\/\\\/odk.odolanow.pl\\\/bip\\\/#website\",\"url\":\"http:\\\/\\\/odk.odolanow.pl\\\/bip\\\/\",\"name\":\"Biuletyn Informacji Publicznej Odolanowskego Domu Kultury\",\"description\":\"\",\"potentialAction\":[{\"@type\":\"SearchAction\",\"target\":{\"@type\":\"EntryPoint\",\"urlTemplate\":\"http:\\\/\\\/odk.odolanow.pl\\\/bip\\\/?s={search_term_string}\"},\"query-input\":{\"@type\":\"PropertyValueSpecification\",\"valueRequired\":true,\"valueName\":\"search_term_string\"}}],\"inLanguage\":\"pl-PL\"}]}<\/script>\n<!-- \/ Yoast SEO plugin. -->","yoast_head_json":{"title":"Oferty pracy - Biuletyn Informacji Publicznej Odolanowskego Domu Kultury","robots":{"index":"noindex","follow":"follow","max-snippet":"max-snippet:-1","max-image-preview":"max-image-preview:large","max-video-preview":"max-video-preview:-1"},"og_locale":"pl_PL","og_type":"article","og_title":"Oferty pracy - Biuletyn Informacji Publicznej Odolanowskego Domu Kultury","og_description":"Burmistrz Gminy i Miasta Odolan\u00f3w og\u0142asza konkurs na stanowisko Dyrektora Odolanowskiego Domu Kultury &nbsp; Og\u0142oszenie o naborze na stanowisko dyrektora ODK","og_url":"http:\/\/odk.odolanow.pl\/bip\/oferty-pracy\/","og_site_name":"Biuletyn Informacji Publicznej Odolanowskego Domu Kultury","article_modified_time":"2026-03-24T13:39:34+00:00","twitter_card":"summary_large_image","twitter_misc":{"Szacowany czas czytania":"1 minuta"},"schema":{"@context":"https:\/\/schema.org","@graph":[{"@type":"WebPage","@id":"http:\/\/odk.odolanow.pl\/bip\/oferty-pracy\/","url":"http:\/\/odk.odolanow.pl\/bip\/oferty-pracy\/","name":"Oferty pracy - Biuletyn Informacji Publicznej Odolanowskego Domu Kultury","isPartOf":{"@id":"http:\/\/odk.odolanow.pl\/bip\/#website"},"datePublished":"2019-04-23T10:01:04+00:00","dateModified":"2026-03-24T13:39:34+00:00","breadcrumb":{"@id":"http:\/\/odk.odolanow.pl\/bip\/oferty-pracy\/#breadcrumb"},"inLanguage":"pl-PL","potentialAction":[{"@type":"ReadAction","target":["http:\/\/odk.odolanow.pl\/bip\/oferty-pracy\/"]}]},{"@type":"BreadcrumbList","@id":"http:\/\/odk.odolanow.pl\/bip\/oferty-pracy\/#breadcrumb","itemListElement":[{"@type":"ListItem","position":1,"name":"Strona g\u0142\u00f3wna","item":"http:\/\/odk.odolanow.pl\/bip\/"},{"@type":"ListItem","position":2,"name":"Oferty pracy"}]},{"@type":"WebSite","@id":"http:\/\/odk.odolanow.pl\/bip\/#website","url":"http:\/\/odk.odolanow.pl\/bip\/","name":"Biuletyn Informacji Publicznej Odolanowskego Domu Kultury","description":"","potentialAction":[{"@type":"SearchAction","target":{"@type":"EntryPoint","urlTemplate":"http:\/\/odk.odolanow.pl\/bip\/?s={search_term_string}"},"query-input":{"@type":"PropertyValueSpecification","valueRequired":true,"valueName":"search_term_string"}}],"inLanguage":"pl-PL"}]}},"_links":{"self":[{"href":"http:\/\/odk.odolanow.pl\/bip\/wp-json\/wp\/v2\/pages\/160","targetHints":{"allow":["GET"]}}],"collection":[{"href":"http:\/\/odk.odolanow.pl\/bip\/wp-json\/wp\/v2\/pages"}],"about":[{"href":"http:\/\/odk.odolanow.pl\/bip\/wp-json\/wp\/v2\/types\/page"}],"author":[{"embeddable":true,"href":"http:\/\/odk.odolanow.pl\/bip\/wp-json\/wp\/v2\/users\/1"}],"replies":[{"embeddable":true,"href":"http:\/\/odk.odolanow.pl\/bip\/wp-json\/wp\/v2\/comments?post=160"}],"version-history":[{"count":3,"href":"http:\/\/odk.odolanow.pl\/bip\/wp-json\/wp\/v2\/pages\/160\/revisions"}],"predecessor-version":[{"id":411,"href":"http:\/\/odk.odolanow.pl\/bip\/wp-json\/wp\/v2\/pages\/160\/revisions\/411"}],"wp:attachment":[{"href":"http:\/\/odk.odolanow.pl\/bip\/wp-json\/wp\/v2\/media?parent=160"}],"curies":[{"name":"wp","href":"https:\/\/api.w.org\/{rel}","templated":true}]}}