{"id":154,"date":"2019-04-23T12:00:29","date_gmt":"2019-04-23T10:00:29","guid":{"rendered":"http:\/\/odk.odolanow.pl\/bip\/?page_id=154"},"modified":"2021-04-12T15:32:33","modified_gmt":"2021-04-12T13:32:33","slug":"instrukacja-obslugi-bip","status":"publish","type":"page","link":"http:\/\/odk.odolanow.pl\/bip\/instrukacja-obslugi-bip\/","title":{"rendered":"Instrukacja obs\u0142ugi BIP"},"content":{"rendered":"<div class=\"wrapper\">\n<div id=\"content\">\n<div id=\"dokument\" class=\"container\">\n<div class=\"row\">\n<div class=\"col-12\">\n<p align=\"justify\">Niniejszy Biuletyn Informacji Publicznej (w skr\u00f3cie BIP) to publikator teleinformatyczny s\u0142u\u017c\u0105cy powszechnemu udost\u0119pnianiu informacji publicznej, w postaci ujednoliconego systemu stron w sieci Internet.<\/p>\n<p><strong>Uwarunkowania prawne:<\/strong><br \/>\nUruchomienie Biuletynu Informacji Publicznej jest niezb\u0119dne dla funkcjonowania ustawy z 6 wrze\u015bnia 2001r. o dost\u0119pie do informacji publicznej (Dz. U. Nr 112, poz. 1198) oraz Rozporz\u0105dzenia MSWiA z 17 maja 2002 w sprawie BIULETYNU INFORMACJI PUBLICZNEJ (Dz.U. Nr 67, poz. 619). &#8222;<strong>BIP<\/strong>&#8221; oznacza Biuletyn Informacji Publicznej.<br \/>\n<strong><br \/>\nNag\u0142\u00f3wek<\/strong><br \/>\nZnajduje si\u0119 na g\u00f3rze strony. Mo\u017ce sk\u0142ada\u0107 si\u0119 z:<\/p>\n<div align=\"justify\">\n<ul>\n<li>logo Biuletynu, kt\u00f3rego naci\u015bni\u0119cie spowoduje otwarcie strony g\u0142\u00f3wnej Biuletynu\u00a0<a href=\"http:\/\/www.bip.gov.pl\/\">www.bip.gov.pl<\/a>.<\/li>\n<li>logo ePUAP, kt\u00f3rego naci\u015bni\u0119cie spowoduje przej\u015bcie do strony\u00a0<a href=\"http:\/\/www.epuap.gov.pl\/\">www.epuap.gov.pl<\/a>.<\/li>\n<\/ul>\n<\/div>\n<p align=\"justify\"><strong>Menu serwisu<\/strong><br \/>\nZnajduje si\u0119 po lewej stronie serwisu<br \/>\nMenu jest podzielone na rozwini\u0119te grupy tematyczne zawieraj\u0105ce dzia\u0142y.<br \/>\nNawigacja polega na klikni\u0119ciu w wybrany dzia\u0142 z grupy tematycznej, co spowoduje pojawienie si\u0119 w oknie wy\u015bwietlania stron konkretnych danych powi\u0105zanych z dzia\u0142em.<br \/>\nKlikni\u0119cie grupy tematycznej automatyczne powoduje rozwini\u0119cie w menu serwisu podgrup, (je\u015bli istniej\u0105).<br \/>\nMenu jest zawsze widoczne bez wzgl\u0119du na rodzaj strony aktualnie przegl\u0105danej w BIP.<br \/>\nLinki do informacji znajduj\u0105cych si\u0119 na innych stronach otwieraj\u0105 si\u0119 w nowym oknie.<br \/>\nOkno wy\u015bwietlania stron (miejsce wy\u015bwietlania informacji zawartych w serwisie):<br \/>\nTre\u015bci informacji publicznej s\u0105 redagowane za pomoc\u0105 tekstu, za\u0142\u0105cznik\u00f3w w postaci plik\u00f3w do pobrania, zdj\u0119\u0107 i grafik.<br \/>\nAby wy\u015bwietli\u0107 tre\u015b\u0107 informacji publicznej w oknie &#8211; nale\u017cy klikn\u0105\u0107 wybran\u0105 pozycj\u0119 menu. W przypadku wyst\u0105pienia wielu mo\u017cliwo\u015bci, wybra\u0107 jedn\u0105 z wy\u015bwietlonej listy.<br \/>\nNa tre\u015b\u0107 strony sk\u0142adaj\u0105 si\u0119:<\/p>\n<div align=\"justify\">\n<ul>\n<li>nag\u0142\u00f3wek informuj\u0105cy w skr\u00f3cie o jej zawarto\u015bci,<\/li>\n<li>tre\u015b\u0107 zasadnicza w postaci tekstu,<\/li>\n<li>ewentualne za\u0142\u0105czniki w postaci plik\u00f3w do pobrania,<\/li>\n<li>informacja o miejscu i czasie wytworzenia oraz aktualizacji danej informacji, osobach odpowiedzialnych za jej tre\u015b\u0107, statystyce, historii aktualizacji strony &#8211; informuj\u0105cej o dokonanych poprawkach w jej tre\u015bci i pozwalaj\u0105cej zapami\u0119tanie wcze\u015bniejszych wersji dokumentu wraz z za\u0142\u0105cznikami.<\/li>\n<li>opcja drukuj ten dokument &#8211; pozwala natychmiast wydrukowa\u0107 tre\u015b\u0107 strony na drukarce lokalnej<\/li>\n<\/ul>\n<\/div>\n<\/div>\n<\/div>\n<\/div>\n<\/div>\n<\/div>\n<div id=\"svg-section-bott\"><\/div>\n","protected":false},"excerpt":{"rendered":"<p>Niniejszy Biuletyn Informacji Publicznej (w skr\u00f3cie BIP) to publikator teleinformatyczny s\u0142u\u017c\u0105cy powszechnemu udost\u0119pnianiu informacji publicznej, w postaci ujednoliconego systemu stron w sieci Internet. Uwarunkowania prawne: Uruchomienie Biuletynu Informacji Publicznej jest niezb\u0119dne dla funkcjonowania ustawy z 6 wrze\u015bnia 2001r. o dost\u0119pie do informacji publicznej (Dz. U. Nr 112, poz. 1198) oraz Rozporz\u0105dzenia MSWiA z 17 maja [&hellip;]<\/p>\n","protected":false},"author":1,"featured_media":0,"parent":0,"menu_order":0,"comment_status":"closed","ping_status":"closed","template":"","meta":{"footnotes":""},"class_list":["post-154","page","type-page","status-publish","hentry"],"yoast_head":"<!-- This site is optimized with the Yoast SEO plugin v27.5 - https:\/\/yoast.com\/product\/yoast-seo-wordpress\/ -->\n<title>Instrukacja obs\u0142ugi BIP - Biuletyn Informacji Publicznej Odolanowskego Domu Kultury<\/title>\n<meta name=\"robots\" content=\"noindex, follow, max-snippet:-1, max-image-preview:large, max-video-preview:-1\" \/>\n<meta property=\"og:locale\" content=\"pl_PL\" \/>\n<meta property=\"og:type\" content=\"article\" \/>\n<meta property=\"og:title\" content=\"Instrukacja obs\u0142ugi BIP - Biuletyn Informacji Publicznej Odolanowskego Domu Kultury\" \/>\n<meta property=\"og:description\" content=\"Niniejszy Biuletyn Informacji Publicznej (w skr\u00f3cie BIP) to publikator teleinformatyczny s\u0142u\u017c\u0105cy powszechnemu udost\u0119pnianiu informacji publicznej, w postaci ujednoliconego systemu stron w sieci Internet. Uwarunkowania prawne: Uruchomienie Biuletynu Informacji Publicznej jest niezb\u0119dne dla funkcjonowania ustawy z 6 wrze\u015bnia 2001r. o dost\u0119pie do informacji publicznej (Dz. U. Nr 112, poz. 1198) oraz Rozporz\u0105dzenia MSWiA z 17 maja [&hellip;]\" \/>\n<meta property=\"og:url\" content=\"http:\/\/odk.odolanow.pl\/bip\/instrukacja-obslugi-bip\/\" \/>\n<meta property=\"og:site_name\" content=\"Biuletyn Informacji Publicznej Odolanowskego Domu Kultury\" \/>\n<meta property=\"article:modified_time\" content=\"2021-04-12T13:32:33+00:00\" \/>\n<meta name=\"twitter:card\" content=\"summary_large_image\" \/>\n<meta name=\"twitter:label1\" content=\"Szacowany czas czytania\" \/>\n\t<meta name=\"twitter:data1\" content=\"2 minuty\" \/>\n<script type=\"application\/ld+json\" class=\"yoast-schema-graph\">{\"@context\":\"https:\\\/\\\/schema.org\",\"@graph\":[{\"@type\":\"WebPage\",\"@id\":\"http:\\\/\\\/odk.odolanow.pl\\\/bip\\\/instrukacja-obslugi-bip\\\/\",\"url\":\"http:\\\/\\\/odk.odolanow.pl\\\/bip\\\/instrukacja-obslugi-bip\\\/\",\"name\":\"Instrukacja obs\u0142ugi BIP - Biuletyn Informacji Publicznej Odolanowskego Domu Kultury\",\"isPartOf\":{\"@id\":\"http:\\\/\\\/odk.odolanow.pl\\\/bip\\\/#website\"},\"datePublished\":\"2019-04-23T10:00:29+00:00\",\"dateModified\":\"2021-04-12T13:32:33+00:00\",\"breadcrumb\":{\"@id\":\"http:\\\/\\\/odk.odolanow.pl\\\/bip\\\/instrukacja-obslugi-bip\\\/#breadcrumb\"},\"inLanguage\":\"pl-PL\",\"potentialAction\":[{\"@type\":\"ReadAction\",\"target\":[\"http:\\\/\\\/odk.odolanow.pl\\\/bip\\\/instrukacja-obslugi-bip\\\/\"]}]},{\"@type\":\"BreadcrumbList\",\"@id\":\"http:\\\/\\\/odk.odolanow.pl\\\/bip\\\/instrukacja-obslugi-bip\\\/#breadcrumb\",\"itemListElement\":[{\"@type\":\"ListItem\",\"position\":1,\"name\":\"Strona g\u0142\u00f3wna\",\"item\":\"http:\\\/\\\/odk.odolanow.pl\\\/bip\\\/\"},{\"@type\":\"ListItem\",\"position\":2,\"name\":\"Instrukacja obs\u0142ugi BIP\"}]},{\"@type\":\"WebSite\",\"@id\":\"http:\\\/\\\/odk.odolanow.pl\\\/bip\\\/#website\",\"url\":\"http:\\\/\\\/odk.odolanow.pl\\\/bip\\\/\",\"name\":\"Biuletyn Informacji Publicznej Odolanowskego Domu Kultury\",\"description\":\"\",\"potentialAction\":[{\"@type\":\"SearchAction\",\"target\":{\"@type\":\"EntryPoint\",\"urlTemplate\":\"http:\\\/\\\/odk.odolanow.pl\\\/bip\\\/?s={search_term_string}\"},\"query-input\":{\"@type\":\"PropertyValueSpecification\",\"valueRequired\":true,\"valueName\":\"search_term_string\"}}],\"inLanguage\":\"pl-PL\"}]}<\/script>\n<!-- \/ Yoast SEO plugin. -->","yoast_head_json":{"title":"Instrukacja obs\u0142ugi BIP - Biuletyn Informacji Publicznej Odolanowskego Domu Kultury","robots":{"index":"noindex","follow":"follow","max-snippet":"max-snippet:-1","max-image-preview":"max-image-preview:large","max-video-preview":"max-video-preview:-1"},"og_locale":"pl_PL","og_type":"article","og_title":"Instrukacja obs\u0142ugi BIP - Biuletyn Informacji Publicznej Odolanowskego Domu Kultury","og_description":"Niniejszy Biuletyn Informacji Publicznej (w skr\u00f3cie BIP) to publikator teleinformatyczny s\u0142u\u017c\u0105cy powszechnemu udost\u0119pnianiu informacji publicznej, w postaci ujednoliconego systemu stron w sieci Internet. Uwarunkowania prawne: Uruchomienie Biuletynu Informacji Publicznej jest niezb\u0119dne dla funkcjonowania ustawy z 6 wrze\u015bnia 2001r. o dost\u0119pie do informacji publicznej (Dz. U. Nr 112, poz. 1198) oraz Rozporz\u0105dzenia MSWiA z 17 maja [&hellip;]","og_url":"http:\/\/odk.odolanow.pl\/bip\/instrukacja-obslugi-bip\/","og_site_name":"Biuletyn Informacji Publicznej Odolanowskego Domu Kultury","article_modified_time":"2021-04-12T13:32:33+00:00","twitter_card":"summary_large_image","twitter_misc":{"Szacowany czas czytania":"2 minuty"},"schema":{"@context":"https:\/\/schema.org","@graph":[{"@type":"WebPage","@id":"http:\/\/odk.odolanow.pl\/bip\/instrukacja-obslugi-bip\/","url":"http:\/\/odk.odolanow.pl\/bip\/instrukacja-obslugi-bip\/","name":"Instrukacja obs\u0142ugi BIP - Biuletyn Informacji Publicznej Odolanowskego Domu Kultury","isPartOf":{"@id":"http:\/\/odk.odolanow.pl\/bip\/#website"},"datePublished":"2019-04-23T10:00:29+00:00","dateModified":"2021-04-12T13:32:33+00:00","breadcrumb":{"@id":"http:\/\/odk.odolanow.pl\/bip\/instrukacja-obslugi-bip\/#breadcrumb"},"inLanguage":"pl-PL","potentialAction":[{"@type":"ReadAction","target":["http:\/\/odk.odolanow.pl\/bip\/instrukacja-obslugi-bip\/"]}]},{"@type":"BreadcrumbList","@id":"http:\/\/odk.odolanow.pl\/bip\/instrukacja-obslugi-bip\/#breadcrumb","itemListElement":[{"@type":"ListItem","position":1,"name":"Strona g\u0142\u00f3wna","item":"http:\/\/odk.odolanow.pl\/bip\/"},{"@type":"ListItem","position":2,"name":"Instrukacja obs\u0142ugi BIP"}]},{"@type":"WebSite","@id":"http:\/\/odk.odolanow.pl\/bip\/#website","url":"http:\/\/odk.odolanow.pl\/bip\/","name":"Biuletyn Informacji Publicznej Odolanowskego Domu Kultury","description":"","potentialAction":[{"@type":"SearchAction","target":{"@type":"EntryPoint","urlTemplate":"http:\/\/odk.odolanow.pl\/bip\/?s={search_term_string}"},"query-input":{"@type":"PropertyValueSpecification","valueRequired":true,"valueName":"search_term_string"}}],"inLanguage":"pl-PL"}]}},"_links":{"self":[{"href":"http:\/\/odk.odolanow.pl\/bip\/wp-json\/wp\/v2\/pages\/154","targetHints":{"allow":["GET"]}}],"collection":[{"href":"http:\/\/odk.odolanow.pl\/bip\/wp-json\/wp\/v2\/pages"}],"about":[{"href":"http:\/\/odk.odolanow.pl\/bip\/wp-json\/wp\/v2\/types\/page"}],"author":[{"embeddable":true,"href":"http:\/\/odk.odolanow.pl\/bip\/wp-json\/wp\/v2\/users\/1"}],"replies":[{"embeddable":true,"href":"http:\/\/odk.odolanow.pl\/bip\/wp-json\/wp\/v2\/comments?post=154"}],"version-history":[{"count":4,"href":"http:\/\/odk.odolanow.pl\/bip\/wp-json\/wp\/v2\/pages\/154\/revisions"}],"predecessor-version":[{"id":256,"href":"http:\/\/odk.odolanow.pl\/bip\/wp-json\/wp\/v2\/pages\/154\/revisions\/256"}],"wp:attachment":[{"href":"http:\/\/odk.odolanow.pl\/bip\/wp-json\/wp\/v2\/media?parent=154"}],"curies":[{"name":"wp","href":"https:\/\/api.w.org\/{rel}","templated":true}]}}