{"id":152,"date":"2019-04-23T12:00:09","date_gmt":"2019-04-23T10:00:09","guid":{"rendered":"http:\/\/odk.odolanow.pl\/bip\/?page_id=152"},"modified":"2021-04-12T13:25:07","modified_gmt":"2021-04-12T11:25:07","slug":"cele-i-zadania-placowki","status":"publish","type":"page","link":"http:\/\/odk.odolanow.pl\/bip\/cele-i-zadania-placowki\/","title":{"rendered":"Cele i zadania plac\u00f3wki"},"content":{"rendered":"<p>Celem Odolanowskiego Domu Kultury jest prowadzenie wielokierunkowej dzia\u0142alno\u015bci rozwijaj\u0105cej potrzeby kulturalne mieszka\u0144c\u00f3w oraz upowszechnianie i promocja kultury lokalnej w kraju i zagranic\u0105.<\/p>\n<p>Do podstawowych zada\u0144 Domu Kultury nale\u017cy:<\/p>\n<ol>\n<li>organizowanie r\u00f3\u017cnorodnych form edukacji kulturalnej i wychowanie poprzez sztuk\u0119<\/li>\n<li>stwarzanie warunk\u00f3w dla amatorskiego ruchu artystycznego, k\u00f3\u0142 i klub\u00f3w zainteresowa\u0144, sekcji, zespo\u0142\u00f3w<\/li>\n<li>organizacja spektakli, koncert\u00f3w, festiwali, wystaw, odczyt\u00f3w, imprez artystycznych, rozrywkowych i turystycznych<\/li>\n<li>prowadzenie dzia\u0142alno\u015bci wydawniczej i promocyjnej<\/li>\n<li>prowadzenie kurs\u00f3w j\u0119zyk\u00f3w obcych<\/li>\n<li>koordynacja dzia\u0142alno\u015bci na terenie gminy i miasta w zakresie organizacji imprez kulturalnych<\/li>\n<li>nadzorowanie i organizowanie dzia\u0142alno\u015bci rozrywkowo &#8211; rekreacyjnej<\/li>\n<li>prowadzenie wsp\u00f3\u0142pracy kulturalnej z zagranic\u0105 zw\u0142aszcza miastami partnerskimi<\/li>\n<li>gromadzenie, przechowywanie, katalogowanie i udost\u0119pnianie d\u00f3br kultury z zakresu etnografii i historii oraz konserwacja i zabezpieczanie posiadanych zbior\u00f3w<\/li>\n<li>informowanie w masmediach o zjawiskach i wydarzeniach kulturalnych oraz spo\u0142eczno-gospodarczych gminy i miasta<\/li>\n<li>prowadzenie w oparciu o obowi\u0105zuj\u0105ce przepisy w\u0142asnej dzia\u0142alno\u015bci gospodarczej, us\u0142ugowej i impresaryjnej.<\/li>\n<\/ol>\n","protected":false},"excerpt":{"rendered":"<p>Celem Odolanowskiego Domu Kultury jest prowadzenie wielokierunkowej dzia\u0142alno\u015bci rozwijaj\u0105cej potrzeby kulturalne mieszka\u0144c\u00f3w oraz upowszechnianie i promocja kultury lokalnej w kraju i zagranic\u0105. Do podstawowych zada\u0144 Domu Kultury nale\u017cy: organizowanie r\u00f3\u017cnorodnych form edukacji kulturalnej i wychowanie poprzez sztuk\u0119 stwarzanie warunk\u00f3w dla amatorskiego ruchu artystycznego, k\u00f3\u0142 i klub\u00f3w zainteresowa\u0144, sekcji, zespo\u0142\u00f3w organizacja spektakli, koncert\u00f3w, festiwali, wystaw, odczyt\u00f3w, [&hellip;]<\/p>\n","protected":false},"author":1,"featured_media":0,"parent":0,"menu_order":0,"comment_status":"closed","ping_status":"closed","template":"","meta":{"footnotes":""},"class_list":["post-152","page","type-page","status-publish","hentry"],"yoast_head":"<!-- This site is optimized with the Yoast SEO plugin v27.5 - https:\/\/yoast.com\/product\/yoast-seo-wordpress\/ -->\n<title>Cele i zadania plac\u00f3wki - Biuletyn Informacji Publicznej Odolanowskego Domu Kultury<\/title>\n<meta name=\"robots\" content=\"noindex, follow, max-snippet:-1, max-image-preview:large, max-video-preview:-1\" \/>\n<meta property=\"og:locale\" content=\"pl_PL\" \/>\n<meta property=\"og:type\" content=\"article\" \/>\n<meta property=\"og:title\" content=\"Cele i zadania plac\u00f3wki - Biuletyn Informacji Publicznej Odolanowskego Domu Kultury\" \/>\n<meta property=\"og:description\" content=\"Celem Odolanowskiego Domu Kultury jest prowadzenie wielokierunkowej dzia\u0142alno\u015bci rozwijaj\u0105cej potrzeby kulturalne mieszka\u0144c\u00f3w oraz upowszechnianie i promocja kultury lokalnej w kraju i zagranic\u0105. Do podstawowych zada\u0144 Domu Kultury nale\u017cy: organizowanie r\u00f3\u017cnorodnych form edukacji kulturalnej i wychowanie poprzez sztuk\u0119 stwarzanie warunk\u00f3w dla amatorskiego ruchu artystycznego, k\u00f3\u0142 i klub\u00f3w zainteresowa\u0144, sekcji, zespo\u0142\u00f3w organizacja spektakli, koncert\u00f3w, festiwali, wystaw, odczyt\u00f3w, [&hellip;]\" \/>\n<meta property=\"og:url\" content=\"http:\/\/odk.odolanow.pl\/bip\/cele-i-zadania-placowki\/\" \/>\n<meta property=\"og:site_name\" content=\"Biuletyn Informacji Publicznej Odolanowskego Domu Kultury\" \/>\n<meta property=\"article:modified_time\" content=\"2021-04-12T11:25:07+00:00\" \/>\n<meta name=\"twitter:card\" content=\"summary_large_image\" \/>\n<meta name=\"twitter:label1\" content=\"Szacowany czas czytania\" \/>\n\t<meta name=\"twitter:data1\" content=\"1 minuta\" \/>\n<script type=\"application\/ld+json\" class=\"yoast-schema-graph\">{\"@context\":\"https:\\\/\\\/schema.org\",\"@graph\":[{\"@type\":\"WebPage\",\"@id\":\"http:\\\/\\\/odk.odolanow.pl\\\/bip\\\/cele-i-zadania-placowki\\\/\",\"url\":\"http:\\\/\\\/odk.odolanow.pl\\\/bip\\\/cele-i-zadania-placowki\\\/\",\"name\":\"Cele i zadania plac\u00f3wki - Biuletyn Informacji Publicznej Odolanowskego Domu Kultury\",\"isPartOf\":{\"@id\":\"http:\\\/\\\/odk.odolanow.pl\\\/bip\\\/#website\"},\"datePublished\":\"2019-04-23T10:00:09+00:00\",\"dateModified\":\"2021-04-12T11:25:07+00:00\",\"breadcrumb\":{\"@id\":\"http:\\\/\\\/odk.odolanow.pl\\\/bip\\\/cele-i-zadania-placowki\\\/#breadcrumb\"},\"inLanguage\":\"pl-PL\",\"potentialAction\":[{\"@type\":\"ReadAction\",\"target\":[\"http:\\\/\\\/odk.odolanow.pl\\\/bip\\\/cele-i-zadania-placowki\\\/\"]}]},{\"@type\":\"BreadcrumbList\",\"@id\":\"http:\\\/\\\/odk.odolanow.pl\\\/bip\\\/cele-i-zadania-placowki\\\/#breadcrumb\",\"itemListElement\":[{\"@type\":\"ListItem\",\"position\":1,\"name\":\"Strona g\u0142\u00f3wna\",\"item\":\"http:\\\/\\\/odk.odolanow.pl\\\/bip\\\/\"},{\"@type\":\"ListItem\",\"position\":2,\"name\":\"Cele i zadania plac\u00f3wki\"}]},{\"@type\":\"WebSite\",\"@id\":\"http:\\\/\\\/odk.odolanow.pl\\\/bip\\\/#website\",\"url\":\"http:\\\/\\\/odk.odolanow.pl\\\/bip\\\/\",\"name\":\"Biuletyn Informacji Publicznej Odolanowskego Domu Kultury\",\"description\":\"\",\"potentialAction\":[{\"@type\":\"SearchAction\",\"target\":{\"@type\":\"EntryPoint\",\"urlTemplate\":\"http:\\\/\\\/odk.odolanow.pl\\\/bip\\\/?s={search_term_string}\"},\"query-input\":{\"@type\":\"PropertyValueSpecification\",\"valueRequired\":true,\"valueName\":\"search_term_string\"}}],\"inLanguage\":\"pl-PL\"}]}<\/script>\n<!-- \/ Yoast SEO plugin. -->","yoast_head_json":{"title":"Cele i zadania plac\u00f3wki - Biuletyn Informacji Publicznej Odolanowskego Domu Kultury","robots":{"index":"noindex","follow":"follow","max-snippet":"max-snippet:-1","max-image-preview":"max-image-preview:large","max-video-preview":"max-video-preview:-1"},"og_locale":"pl_PL","og_type":"article","og_title":"Cele i zadania plac\u00f3wki - Biuletyn Informacji Publicznej Odolanowskego Domu Kultury","og_description":"Celem Odolanowskiego Domu Kultury jest prowadzenie wielokierunkowej dzia\u0142alno\u015bci rozwijaj\u0105cej potrzeby kulturalne mieszka\u0144c\u00f3w oraz upowszechnianie i promocja kultury lokalnej w kraju i zagranic\u0105. Do podstawowych zada\u0144 Domu Kultury nale\u017cy: organizowanie r\u00f3\u017cnorodnych form edukacji kulturalnej i wychowanie poprzez sztuk\u0119 stwarzanie warunk\u00f3w dla amatorskiego ruchu artystycznego, k\u00f3\u0142 i klub\u00f3w zainteresowa\u0144, sekcji, zespo\u0142\u00f3w organizacja spektakli, koncert\u00f3w, festiwali, wystaw, odczyt\u00f3w, [&hellip;]","og_url":"http:\/\/odk.odolanow.pl\/bip\/cele-i-zadania-placowki\/","og_site_name":"Biuletyn Informacji Publicznej Odolanowskego Domu Kultury","article_modified_time":"2021-04-12T11:25:07+00:00","twitter_card":"summary_large_image","twitter_misc":{"Szacowany czas czytania":"1 minuta"},"schema":{"@context":"https:\/\/schema.org","@graph":[{"@type":"WebPage","@id":"http:\/\/odk.odolanow.pl\/bip\/cele-i-zadania-placowki\/","url":"http:\/\/odk.odolanow.pl\/bip\/cele-i-zadania-placowki\/","name":"Cele i zadania plac\u00f3wki - Biuletyn Informacji Publicznej Odolanowskego Domu Kultury","isPartOf":{"@id":"http:\/\/odk.odolanow.pl\/bip\/#website"},"datePublished":"2019-04-23T10:00:09+00:00","dateModified":"2021-04-12T11:25:07+00:00","breadcrumb":{"@id":"http:\/\/odk.odolanow.pl\/bip\/cele-i-zadania-placowki\/#breadcrumb"},"inLanguage":"pl-PL","potentialAction":[{"@type":"ReadAction","target":["http:\/\/odk.odolanow.pl\/bip\/cele-i-zadania-placowki\/"]}]},{"@type":"BreadcrumbList","@id":"http:\/\/odk.odolanow.pl\/bip\/cele-i-zadania-placowki\/#breadcrumb","itemListElement":[{"@type":"ListItem","position":1,"name":"Strona g\u0142\u00f3wna","item":"http:\/\/odk.odolanow.pl\/bip\/"},{"@type":"ListItem","position":2,"name":"Cele i zadania plac\u00f3wki"}]},{"@type":"WebSite","@id":"http:\/\/odk.odolanow.pl\/bip\/#website","url":"http:\/\/odk.odolanow.pl\/bip\/","name":"Biuletyn Informacji Publicznej Odolanowskego Domu Kultury","description":"","potentialAction":[{"@type":"SearchAction","target":{"@type":"EntryPoint","urlTemplate":"http:\/\/odk.odolanow.pl\/bip\/?s={search_term_string}"},"query-input":{"@type":"PropertyValueSpecification","valueRequired":true,"valueName":"search_term_string"}}],"inLanguage":"pl-PL"}]}},"_links":{"self":[{"href":"http:\/\/odk.odolanow.pl\/bip\/wp-json\/wp\/v2\/pages\/152","targetHints":{"allow":["GET"]}}],"collection":[{"href":"http:\/\/odk.odolanow.pl\/bip\/wp-json\/wp\/v2\/pages"}],"about":[{"href":"http:\/\/odk.odolanow.pl\/bip\/wp-json\/wp\/v2\/types\/page"}],"author":[{"embeddable":true,"href":"http:\/\/odk.odolanow.pl\/bip\/wp-json\/wp\/v2\/users\/1"}],"replies":[{"embeddable":true,"href":"http:\/\/odk.odolanow.pl\/bip\/wp-json\/wp\/v2\/comments?post=152"}],"version-history":[{"count":3,"href":"http:\/\/odk.odolanow.pl\/bip\/wp-json\/wp\/v2\/pages\/152\/revisions"}],"predecessor-version":[{"id":237,"href":"http:\/\/odk.odolanow.pl\/bip\/wp-json\/wp\/v2\/pages\/152\/revisions\/237"}],"wp:attachment":[{"href":"http:\/\/odk.odolanow.pl\/bip\/wp-json\/wp\/v2\/media?parent=152"}],"curies":[{"name":"wp","href":"https:\/\/api.w.org\/{rel}","templated":true}]}}