{"id":148,"date":"2019-04-23T11:59:48","date_gmt":"2019-04-23T09:59:48","guid":{"rendered":"http:\/\/odk.odolanow.pl\/bip\/?page_id=148"},"modified":"2021-04-12T13:45:10","modified_gmt":"2021-04-12T11:45:10","slug":"status-prawny","status":"publish","type":"page","link":"http:\/\/odk.odolanow.pl\/bip\/status-prawny\/","title":{"rendered":"Status prawny"},"content":{"rendered":"<p>Odolanowski Dom Kultury jest samorz\u0105dow\u0105 instytucj\u0105 kultury posiadaj\u0105c\u0105 osobowo\u015b\u0107 prawn\u0105 i samodzielnie gospodaruj\u0105c\u0105 przydzielon\u0105 oraz nabyt\u0105 cz\u0119\u015bci\u0105 mienia.<br \/>\nOrganizatorem ODK jest Gmina i Miasto Odolan\u00f3w.<\/p>\n<p>Odolanowski Dom kultury dzia\u0142a na podstawie:<\/p>\n<ol>\n<li>Statutu Odolanowskiego Domu Kultury<\/li>\n<li>Ustawa z dnia 25 pa\u017adziernika 1991r. o organizowaniu i prowadzeniu dzia\u0142alno\u015bci kulturalnej\u00a0 (t.j. Dz. U. \u00a0z 2020 r. poz.<br \/>\n194. z p\u00f3\u017an. zm.)<\/li>\n<li>Przepis\u00f3w prawnych dotycz\u0105cych zasad gospodarki finansowej ustalonej dla instytucji kultury<\/li>\n<\/ol>\n","protected":false},"excerpt":{"rendered":"<p>Odolanowski Dom Kultury jest samorz\u0105dow\u0105 instytucj\u0105 kultury posiadaj\u0105c\u0105 osobowo\u015b\u0107 prawn\u0105 i samodzielnie gospodaruj\u0105c\u0105 przydzielon\u0105 oraz nabyt\u0105 cz\u0119\u015bci\u0105 mienia. Organizatorem ODK jest Gmina i Miasto Odolan\u00f3w. Odolanowski Dom kultury dzia\u0142a na podstawie: Statutu Odolanowskiego Domu Kultury Ustawa z dnia 25 pa\u017adziernika 1991r. o organizowaniu i prowadzeniu dzia\u0142alno\u015bci kulturalnej\u00a0 (t.j. Dz. U. \u00a0z 2020 r. poz. 194. [&hellip;]<\/p>\n","protected":false},"author":1,"featured_media":0,"parent":0,"menu_order":0,"comment_status":"closed","ping_status":"closed","template":"","meta":{"footnotes":""},"class_list":["post-148","page","type-page","status-publish","hentry"],"yoast_head":"<!-- This site is optimized with the Yoast SEO plugin v27.5 - https:\/\/yoast.com\/product\/yoast-seo-wordpress\/ -->\n<title>Status prawny - Biuletyn Informacji Publicznej Odolanowskego Domu Kultury<\/title>\n<meta name=\"robots\" content=\"noindex, follow, max-snippet:-1, max-image-preview:large, max-video-preview:-1\" \/>\n<meta property=\"og:locale\" content=\"pl_PL\" \/>\n<meta property=\"og:type\" content=\"article\" \/>\n<meta property=\"og:title\" content=\"Status prawny - Biuletyn Informacji Publicznej Odolanowskego Domu Kultury\" \/>\n<meta property=\"og:description\" content=\"Odolanowski Dom Kultury jest samorz\u0105dow\u0105 instytucj\u0105 kultury posiadaj\u0105c\u0105 osobowo\u015b\u0107 prawn\u0105 i samodzielnie gospodaruj\u0105c\u0105 przydzielon\u0105 oraz nabyt\u0105 cz\u0119\u015bci\u0105 mienia. Organizatorem ODK jest Gmina i Miasto Odolan\u00f3w. Odolanowski Dom kultury dzia\u0142a na podstawie: Statutu Odolanowskiego Domu Kultury Ustawa z dnia 25 pa\u017adziernika 1991r. o organizowaniu i prowadzeniu dzia\u0142alno\u015bci kulturalnej\u00a0 (t.j. Dz. U. \u00a0z 2020 r. poz. 194. [&hellip;]\" \/>\n<meta property=\"og:url\" content=\"http:\/\/odk.odolanow.pl\/bip\/status-prawny\/\" \/>\n<meta property=\"og:site_name\" content=\"Biuletyn Informacji Publicznej Odolanowskego Domu Kultury\" \/>\n<meta property=\"article:modified_time\" content=\"2021-04-12T11:45:10+00:00\" \/>\n<meta name=\"twitter:card\" content=\"summary_large_image\" \/>\n<meta name=\"twitter:label1\" content=\"Szacowany czas czytania\" \/>\n\t<meta name=\"twitter:data1\" content=\"1 minuta\" \/>\n<script type=\"application\/ld+json\" class=\"yoast-schema-graph\">{\"@context\":\"https:\\\/\\\/schema.org\",\"@graph\":[{\"@type\":\"WebPage\",\"@id\":\"http:\\\/\\\/odk.odolanow.pl\\\/bip\\\/status-prawny\\\/\",\"url\":\"http:\\\/\\\/odk.odolanow.pl\\\/bip\\\/status-prawny\\\/\",\"name\":\"Status prawny - Biuletyn Informacji Publicznej Odolanowskego Domu Kultury\",\"isPartOf\":{\"@id\":\"http:\\\/\\\/odk.odolanow.pl\\\/bip\\\/#website\"},\"datePublished\":\"2019-04-23T09:59:48+00:00\",\"dateModified\":\"2021-04-12T11:45:10+00:00\",\"breadcrumb\":{\"@id\":\"http:\\\/\\\/odk.odolanow.pl\\\/bip\\\/status-prawny\\\/#breadcrumb\"},\"inLanguage\":\"pl-PL\",\"potentialAction\":[{\"@type\":\"ReadAction\",\"target\":[\"http:\\\/\\\/odk.odolanow.pl\\\/bip\\\/status-prawny\\\/\"]}]},{\"@type\":\"BreadcrumbList\",\"@id\":\"http:\\\/\\\/odk.odolanow.pl\\\/bip\\\/status-prawny\\\/#breadcrumb\",\"itemListElement\":[{\"@type\":\"ListItem\",\"position\":1,\"name\":\"Strona g\u0142\u00f3wna\",\"item\":\"http:\\\/\\\/odk.odolanow.pl\\\/bip\\\/\"},{\"@type\":\"ListItem\",\"position\":2,\"name\":\"Status prawny\"}]},{\"@type\":\"WebSite\",\"@id\":\"http:\\\/\\\/odk.odolanow.pl\\\/bip\\\/#website\",\"url\":\"http:\\\/\\\/odk.odolanow.pl\\\/bip\\\/\",\"name\":\"Biuletyn Informacji Publicznej Odolanowskego Domu Kultury\",\"description\":\"\",\"potentialAction\":[{\"@type\":\"SearchAction\",\"target\":{\"@type\":\"EntryPoint\",\"urlTemplate\":\"http:\\\/\\\/odk.odolanow.pl\\\/bip\\\/?s={search_term_string}\"},\"query-input\":{\"@type\":\"PropertyValueSpecification\",\"valueRequired\":true,\"valueName\":\"search_term_string\"}}],\"inLanguage\":\"pl-PL\"}]}<\/script>\n<!-- \/ Yoast SEO plugin. -->","yoast_head_json":{"title":"Status prawny - Biuletyn Informacji Publicznej Odolanowskego Domu Kultury","robots":{"index":"noindex","follow":"follow","max-snippet":"max-snippet:-1","max-image-preview":"max-image-preview:large","max-video-preview":"max-video-preview:-1"},"og_locale":"pl_PL","og_type":"article","og_title":"Status prawny - Biuletyn Informacji Publicznej Odolanowskego Domu Kultury","og_description":"Odolanowski Dom Kultury jest samorz\u0105dow\u0105 instytucj\u0105 kultury posiadaj\u0105c\u0105 osobowo\u015b\u0107 prawn\u0105 i samodzielnie gospodaruj\u0105c\u0105 przydzielon\u0105 oraz nabyt\u0105 cz\u0119\u015bci\u0105 mienia. Organizatorem ODK jest Gmina i Miasto Odolan\u00f3w. Odolanowski Dom kultury dzia\u0142a na podstawie: Statutu Odolanowskiego Domu Kultury Ustawa z dnia 25 pa\u017adziernika 1991r. o organizowaniu i prowadzeniu dzia\u0142alno\u015bci kulturalnej\u00a0 (t.j. Dz. U. \u00a0z 2020 r. poz. 194. [&hellip;]","og_url":"http:\/\/odk.odolanow.pl\/bip\/status-prawny\/","og_site_name":"Biuletyn Informacji Publicznej Odolanowskego Domu Kultury","article_modified_time":"2021-04-12T11:45:10+00:00","twitter_card":"summary_large_image","twitter_misc":{"Szacowany czas czytania":"1 minuta"},"schema":{"@context":"https:\/\/schema.org","@graph":[{"@type":"WebPage","@id":"http:\/\/odk.odolanow.pl\/bip\/status-prawny\/","url":"http:\/\/odk.odolanow.pl\/bip\/status-prawny\/","name":"Status prawny - Biuletyn Informacji Publicznej Odolanowskego Domu Kultury","isPartOf":{"@id":"http:\/\/odk.odolanow.pl\/bip\/#website"},"datePublished":"2019-04-23T09:59:48+00:00","dateModified":"2021-04-12T11:45:10+00:00","breadcrumb":{"@id":"http:\/\/odk.odolanow.pl\/bip\/status-prawny\/#breadcrumb"},"inLanguage":"pl-PL","potentialAction":[{"@type":"ReadAction","target":["http:\/\/odk.odolanow.pl\/bip\/status-prawny\/"]}]},{"@type":"BreadcrumbList","@id":"http:\/\/odk.odolanow.pl\/bip\/status-prawny\/#breadcrumb","itemListElement":[{"@type":"ListItem","position":1,"name":"Strona g\u0142\u00f3wna","item":"http:\/\/odk.odolanow.pl\/bip\/"},{"@type":"ListItem","position":2,"name":"Status prawny"}]},{"@type":"WebSite","@id":"http:\/\/odk.odolanow.pl\/bip\/#website","url":"http:\/\/odk.odolanow.pl\/bip\/","name":"Biuletyn Informacji Publicznej Odolanowskego Domu Kultury","description":"","potentialAction":[{"@type":"SearchAction","target":{"@type":"EntryPoint","urlTemplate":"http:\/\/odk.odolanow.pl\/bip\/?s={search_term_string}"},"query-input":{"@type":"PropertyValueSpecification","valueRequired":true,"valueName":"search_term_string"}}],"inLanguage":"pl-PL"}]}},"_links":{"self":[{"href":"http:\/\/odk.odolanow.pl\/bip\/wp-json\/wp\/v2\/pages\/148","targetHints":{"allow":["GET"]}}],"collection":[{"href":"http:\/\/odk.odolanow.pl\/bip\/wp-json\/wp\/v2\/pages"}],"about":[{"href":"http:\/\/odk.odolanow.pl\/bip\/wp-json\/wp\/v2\/types\/page"}],"author":[{"embeddable":true,"href":"http:\/\/odk.odolanow.pl\/bip\/wp-json\/wp\/v2\/users\/1"}],"replies":[{"embeddable":true,"href":"http:\/\/odk.odolanow.pl\/bip\/wp-json\/wp\/v2\/comments?post=148"}],"version-history":[{"count":2,"href":"http:\/\/odk.odolanow.pl\/bip\/wp-json\/wp\/v2\/pages\/148\/revisions"}],"predecessor-version":[{"id":241,"href":"http:\/\/odk.odolanow.pl\/bip\/wp-json\/wp\/v2\/pages\/148\/revisions\/241"}],"wp:attachment":[{"href":"http:\/\/odk.odolanow.pl\/bip\/wp-json\/wp\/v2\/media?parent=148"}],"curies":[{"name":"wp","href":"https:\/\/api.w.org\/{rel}","templated":true}]}}